{"id":329,"date":"2023-01-22T16:46:28","date_gmt":"2023-01-22T15:46:28","guid":{"rendered":"https:\/\/euroformaz.eu\/?page_id=329"},"modified":"2023-01-22T17:16:17","modified_gmt":"2023-01-22T16:16:17","slug":"romania","status":"publish","type":"page","link":"https:\/\/euroformaz.eu\/index.php\/romania\/","title":{"rendered":"Romania"},"content":{"rendered":"\n<p class=\"has-text-align-center has-large-font-size\"><strong>G\u00e2lg\u0103u &#8211; Liceul Tehnologic Nr. 1 G\u00e2lg\u0103u<\/strong><\/p>\n\n\n\n    <div id=\"bwg_container1_0\"         class=\"bwg_container bwg_thumbnail bwg_slideshow \"         data-right-click-protection=\"0\"         data-bwg=\"0\"         data-scroll=\"0\"         data-gallery-type=\"slideshow\"         data-gallery-view-type=\"slideshow\"         data-current-url=\"\/index.php\/wp-json\/wp\/v2\/pages\/329\"         data-lightbox-url=\"https:\/\/euroformaz.eu\/wp-admin\/admin-ajax.php?action=GalleryBox&#038;current_view=0&#038;gallery_id=3&#038;tag=0&#038;theme_id=1&#038;shortcode_id=13&#038;sort_by=order&#038;order_by=asc&#038;current_url=%2Findex.php%2Fwp-json%2Fwp%2Fv2%2Fpages%2F329\"         data-gallery-id=\"3\"         data-popup-width=\"800\"         data-popup-height=\"500\"         data-is-album=\"gallery\"         data-buttons-position=\"bottom\">      <div id=\"bwg_container2_0\">             <div id=\"ajax_loading_0\" class=\"bwg_loading_div_1\">      <div class=\"bwg_loading_div_2\">        <div class=\"bwg_loading_div_3\">          <div id=\"loading_div_0\" class=\"bwg_spider_ajax_loading\">          <\/div>        <\/div>      <\/div>    <\/div>            <form id=\"gal_front_form_0\"              class=\"bwg-hidden\"              method=\"post\"              action=\"#\"              data-current=\"0\"              data-shortcode-id=\"13\"              data-gallery-type=\"slideshow\"              data-gallery-id=\"3\"              data-tag=\"0\"              data-album-id=\"0\"              data-theme-id=\"1\"              data-ajax-url=\"https:\/\/euroformaz.eu\/wp-admin\/admin-ajax.php?action=bwg_frontend_data\">          <div id=\"bwg_container3_0\" class=\"bwg-background bwg-background-0\">            <div style=\"width:100%\"><div class=\"wd_error\"><p><strong>No Images found.<\/strong><\/p><\/div><\/div>          <\/div>        <\/form>        <style>          #bwg_container1_0 #bwg_container2_0 #spider_popup_overlay_0 {          background-color: #EEEEEE;          opacity: 0.60;          }          <\/style>        <div id=\"bwg_spider_popup_loading_0\" class=\"bwg_spider_popup_loading\"><\/div>        <div id=\"spider_popup_overlay_0\" class=\"spider_popup_overlay\" onclick=\"spider_destroypopup(1000)\"><\/div>        <input type=\"hidden\" id=\"bwg_random_seed_0\" value=\"1876614711\">                <\/div>    <\/div>    <script>      if (document.readyState === 'complete') {        if( typeof bwg_main_ready == 'function' ) {          if ( jQuery(\"#bwg_container1_0\").height() ) {            bwg_main_ready(jQuery(\"#bwg_container1_0\"));          }        }      } else {        document.addEventListener('DOMContentLoaded', function() {          if( typeof bwg_main_ready == 'function' ) {            if ( jQuery(\"#bwg_container1_0\").height() ) {             bwg_main_ready(jQuery(\"#bwg_container1_0\"));            }          }        });      }    <\/script>    \n","protected":false},"excerpt":{"rendered":"<p>G\u00e2lg\u0103u &#8211; Liceul Tehnologic Nr. 1 G\u00e2lg\u0103u<\/p>\n","protected":false},"author":1,"featured_media":0,"parent":0,"menu_order":0,"comment_status":"closed","ping_status":"closed","template":"pageWithoutTitle.php","meta":{"footnotes":"","two_page_speed":[]},"_links":{"self":[{"href":"https:\/\/euroformaz.eu\/index.php\/wp-json\/wp\/v2\/pages\/329"}],"collection":[{"href":"https:\/\/euroformaz.eu\/index.php\/wp-json\/wp\/v2\/pages"}],"about":[{"href":"https:\/\/euroformaz.eu\/index.php\/wp-json\/wp\/v2\/types\/page"}],"author":[{"embeddable":true,"href":"https:\/\/euroformaz.eu\/index.php\/wp-json\/wp\/v2\/users\/1"}],"replies":[{"embeddable":true,"href":"https:\/\/euroformaz.eu\/index.php\/wp-json\/wp\/v2\/comments?post=329"}],"version-history":[{"count":2,"href":"https:\/\/euroformaz.eu\/index.php\/wp-json\/wp\/v2\/pages\/329\/revisions"}],"predecessor-version":[{"id":359,"href":"https:\/\/euroformaz.eu\/index.php\/wp-json\/wp\/v2\/pages\/329\/revisions\/359"}],"wp:attachment":[{"href":"https:\/\/euroformaz.eu\/index.php\/wp-json\/wp\/v2\/media?parent=329"}],"curies":[{"name":"wp","href":"https:\/\/api.w.org\/{rel}","templated":true}]}}